{"id":24,"date":"2019-08-28T14:01:33","date_gmt":"2019-08-28T17:01:33","guid":{"rendered":"http:\/\/beew.com.ar\/proyectos\/bracco\/?page_id=24"},"modified":"2019-10-17T09:54:08","modified_gmt":"2019-10-17T12:54:08","slug":"nosotros","status":"publish","type":"page","link":"https:\/\/bracco4x4.com\/store\/nosotros\/","title":{"rendered":"Nosotros"},"content":{"rendered":"<h6><img loading=\"lazy\" decoding=\"async\" class=\"alignnone wp-image-117 size-full\" src=\"http:\/\/beew.com.ar\/proyectos\/bracco\/wp-content\/uploads\/2019\/09\/SlidePlanta.jpg\" alt=\"\" width=\"1920\" height=\"1080\" srcset=\"https:\/\/bracco4x4.com\/store\/wp-content\/uploads\/2019\/09\/SlidePlanta.jpg 1920w, https:\/\/bracco4x4.com\/store\/wp-content\/uploads\/2019\/09\/SlidePlanta-350x197.jpg 350w, https:\/\/bracco4x4.com\/store\/wp-content\/uploads\/2019\/09\/SlidePlanta-680x383.jpg 680w, https:\/\/bracco4x4.com\/store\/wp-content\/uploads\/2019\/09\/SlidePlanta-300x169.jpg 300w, https:\/\/bracco4x4.com\/store\/wp-content\/uploads\/2019\/09\/SlidePlanta-768x432.jpg 768w, https:\/\/bracco4x4.com\/store\/wp-content\/uploads\/2019\/09\/SlidePlanta-1024x576.jpg 1024w\" sizes=\"auto, (max-width: 1920px) 100vw, 1920px\" \/><\/h6>\n<h6>Somos una empresa familiar con 50 a\u00f1os de trayectoria en el mercado, dedicada a la producci\u00f3n de accesorios para la personalizaci\u00f3n de veh\u00edculos.<\/h6>\n<p>En abril de 1970, en la ciudad de Col\u00f3n, provincia de Buenos Aires, <strong>Ger\u00f3nimo A. Bracco, <\/strong>abre un peque\u00f1o taller mec\u00e1nico. Despu\u00e9s de algunos a\u00f1os lo convierte en f\u00e1brica y colocaci\u00f3n de ca\u00f1os de escapes y silenciadores. A comienzo de los a\u00f1os \u00b480 Escapes Bracco ya era una marca reconocida en una amplia zona del pa\u00eds y <strong>Ger\u00f3nimo A. Bracco, <\/strong>su fundador, siempre atento al mercado, incorpora la fabricaci\u00f3n de equipamientos para Pick-Ups y utilitarios, la cual pas\u00f3 a ser el rubro principal de la misma.<\/p>\n<p>En 1990 la firma pas\u00f3 a llamarse <strong>Equipamentos Bracco S.A. <\/strong>Su producci\u00f3n apunt\u00f3 exclusivamente al mercado de los equipamientos para camionetas y su variada l\u00ednea, super\u00f3 los 1.000 productos.<br \/>\nEn el a\u00f1o 2000, la incorporaci\u00f3n de accesorios originales de importantes terminales automotrices y la exportaci\u00f3n, dan un nuevo impulso a la empresa que ya cuenta con 10.000 m2 en su planta de la calle 51.<\/p>\n<p>En 2014 comienza la construcci\u00f3n de una nueva planta, y a mediados de 2019 el plan de traslado a la nueva planta <strong>Bracco<\/strong> de 27.000 m2, para afrontar los nuevos desaf\u00edos que impone el siglo XXI.<\/p>\n<p>Desde hace 50 a\u00f1os, mantenemos una constante mirada innovadora y de futuro, que avalan nuestro compromiso de calidad y servicio con nuestros clientes.<\/p>\n<p>&nbsp;<\/p>\n<p><strong>NUESTROS PRODUCTOS<\/strong><\/p>\n<p><img loading=\"lazy\" decoding=\"async\" class=\"alignnone size-full wp-image-123\" src=\"http:\/\/beew.com.ar\/proyectos\/bracco\/wp-content\/uploads\/2019\/09\/FotoNuestrosProductos.jpg\" alt=\"\" width=\"1920\" height=\"1080\" srcset=\"https:\/\/bracco4x4.com\/store\/wp-content\/uploads\/2019\/09\/FotoNuestrosProductos.jpg 1920w, https:\/\/bracco4x4.com\/store\/wp-content\/uploads\/2019\/09\/FotoNuestrosProductos-350x197.jpg 350w, https:\/\/bracco4x4.com\/store\/wp-content\/uploads\/2019\/09\/FotoNuestrosProductos-680x383.jpg 680w, https:\/\/bracco4x4.com\/store\/wp-content\/uploads\/2019\/09\/FotoNuestrosProductos-300x169.jpg 300w, https:\/\/bracco4x4.com\/store\/wp-content\/uploads\/2019\/09\/FotoNuestrosProductos-768x432.jpg 768w, https:\/\/bracco4x4.com\/store\/wp-content\/uploads\/2019\/09\/FotoNuestrosProductos-1024x576.jpg 1024w\" sizes=\"auto, (max-width: 1920px) 100vw, 1920px\" \/><\/p>\n<p>Nuestros productos son fabricados bajo estrictas normas de calidad, con tecnolog\u00eda de punta, recursos humanos altamente calificados y procesos estandarizados. Todas nuestras piezas son creadas y desarrolladas para cada versi\u00f3n y marca de veh\u00edculos cuidando su est\u00e9tica y l\u00edneas de dise\u00f1o, pero sobre todo pensando en su seguridad, durabilidad y utilidad en el uso.<\/p>\n<p>&nbsp;<\/p>\n<p><strong>NUESTRA PLANTA<\/strong><\/p>\n<p><img loading=\"lazy\" decoding=\"async\" class=\"alignnone wp-image-124 size-full\" src=\"http:\/\/beew.com.ar\/proyectos\/bracco\/wp-content\/uploads\/2019\/09\/FotoNuestraPlanta.jpg\" alt=\"\" width=\"1920\" height=\"1080\" srcset=\"https:\/\/bracco4x4.com\/store\/wp-content\/uploads\/2019\/09\/FotoNuestraPlanta.jpg 1920w, https:\/\/bracco4x4.com\/store\/wp-content\/uploads\/2019\/09\/FotoNuestraPlanta-350x197.jpg 350w, https:\/\/bracco4x4.com\/store\/wp-content\/uploads\/2019\/09\/FotoNuestraPlanta-680x383.jpg 680w, https:\/\/bracco4x4.com\/store\/wp-content\/uploads\/2019\/09\/FotoNuestraPlanta-300x169.jpg 300w, https:\/\/bracco4x4.com\/store\/wp-content\/uploads\/2019\/09\/FotoNuestraPlanta-768x432.jpg 768w, https:\/\/bracco4x4.com\/store\/wp-content\/uploads\/2019\/09\/FotoNuestraPlanta-1024x576.jpg 1024w\" sizes=\"auto, (max-width: 1920px) 100vw, 1920px\" \/><\/p>\n<p>Nuestra nueva planta cuenta con:<\/p>\n<ul>\n<li><strong> CORTE<\/strong><\/li>\n<li><strong> DOBLADORAS DE TUBO CNC<\/strong><\/li>\n<li><strong> PRENSAS<\/strong><\/li>\n<li><strong> PLEGADO<\/strong><\/li>\n<li><strong> SOLDADURAS<\/strong><\/li>\n<li><strong> GRANALLADO Y PINTURA EN POLVO<\/strong><\/li>\n<li><strong> PULIDO<\/strong><\/li>\n<li><strong> PINTURA POR CATAFORESIS<\/strong><\/li>\n<li><strong> LABORATORIO DE CALIDAD<\/strong><\/li>\n<\/ul>\n","protected":false},"excerpt":{"rendered":"<p>Somos una empresa familiar con 50 a\u00f1os de trayectoria en el mercado, dedicada a la producci\u00f3n de accesorios para la personalizaci\u00f3n de veh\u00edculos. En abril de 1970, en la ciudad de Col\u00f3n, provincia de Buenos Aires, Ger\u00f3nimo A. Bracco, abre un peque\u00f1o taller mec\u00e1nico. Despu\u00e9s de algunos a\u00f1os lo convierte en f\u00e1brica y colocaci\u00f3n de [&hellip;]<\/p>\n","protected":false},"author":1,"featured_media":0,"parent":0,"menu_order":0,"comment_status":"closed","ping_status":"closed","template":"page-templates\/template-page-somos.php","meta":{"footnotes":""},"class_list":["post-24","page","type-page","status-publish","hentry"],"_links":{"self":[{"href":"https:\/\/bracco4x4.com\/store\/wp-json\/wp\/v2\/pages\/24","targetHints":{"allow":["GET"]}}],"collection":[{"href":"https:\/\/bracco4x4.com\/store\/wp-json\/wp\/v2\/pages"}],"about":[{"href":"https:\/\/bracco4x4.com\/store\/wp-json\/wp\/v2\/types\/page"}],"author":[{"embeddable":true,"href":"https:\/\/bracco4x4.com\/store\/wp-json\/wp\/v2\/users\/1"}],"replies":[{"embeddable":true,"href":"https:\/\/bracco4x4.com\/store\/wp-json\/wp\/v2\/comments?post=24"}],"version-history":[{"count":12,"href":"https:\/\/bracco4x4.com\/store\/wp-json\/wp\/v2\/pages\/24\/revisions"}],"predecessor-version":[{"id":3454,"href":"https:\/\/bracco4x4.com\/store\/wp-json\/wp\/v2\/pages\/24\/revisions\/3454"}],"wp:attachment":[{"href":"https:\/\/bracco4x4.com\/store\/wp-json\/wp\/v2\/media?parent=24"}],"curies":[{"name":"wp","href":"https:\/\/api.w.org\/{rel}","templated":true}]}}